{"id":23393,"date":"2019-04-29T14:49:08","date_gmt":"2019-04-29T12:49:08","guid":{"rendered":"https:\/\/espacemasson.be\/info\/contact\/"},"modified":"2025-07-28T16:20:25","modified_gmt":"2025-07-28T14:20:25","slug":"contact","status":"publish","type":"page","link":"https:\/\/espacemasson.be\/nl\/info\/contact\/","title":{"rendered":"contact"},"content":{"rendered":"\t\t<div data-elementor-type=\"wp-post\" data-elementor-id=\"23393\" class=\"elementor elementor-23393 elementor-34\">\n\t\t\t\t\t\t<section class=\"elementor-section elementor-top-section elementor-element elementor-element-92a99fd elementor-section-boxed elementor-section-height-default elementor-section-height-default\" data-id=\"92a99fd\" data-element_type=\"section\" data-e-type=\"section\">\n\t\t\t\t\t\t<div class=\"elementor-container elementor-column-gap-default\">\n\t\t\t\t\t<div class=\"elementor-column elementor-col-100 elementor-top-column elementor-element elementor-element-9ed132b\" data-id=\"9ed132b\" data-element_type=\"column\" data-e-type=\"column\">\n\t\t\t<div class=\"elementor-widget-wrap elementor-element-populated\">\n\t\t\t\t\t\t<div class=\"elementor-element elementor-element-dda237a elementor-widget elementor-widget-heading\" data-id=\"dda237a\" data-element_type=\"widget\" data-e-type=\"widget\" data-widget_type=\"heading.default\">\n\t\t\t\t<div class=\"elementor-widget-container\">\n\t\t\t\t\t<h2 class=\"elementor-heading-title elementor-size-default\">Aarzel niet om contact op te nemen...<\/h2>\t\t\t\t<\/div>\n\t\t\t\t<\/div>\n\t\t\t\t<div class=\"elementor-element elementor-element-a974a7f elementor-widget elementor-widget-text-editor\" data-id=\"a974a7f\" data-element_type=\"widget\" data-e-type=\"widget\" data-widget_type=\"text-editor.default\">\n\t\t\t\t<div class=\"elementor-widget-container\">\n\t\t\t\t\t\t\t\t\t<p>Wij beantwoorden de telefoon elke dag tijdens de openingsuren, brieven en e-mails beantwoorden wij alleen op werkdagen tijdens de kantooruren (maandag tot vrijdag).<\/p>\t\t\t\t\t\t\t\t<\/div>\n\t\t\t\t<\/div>\n\t\t\t\t\t<\/div>\n\t\t<\/div>\n\t\t\t\t\t<\/div>\n\t\t<\/section>\n\t\t\t\t<section class=\"elementor-section elementor-top-section elementor-element elementor-element-d9d93fb elementor-hidden-desktop elementor-hidden-tablet elementor-hidden-mobile elementor-section-boxed elementor-section-height-default elementor-section-height-default\" data-id=\"d9d93fb\" data-element_type=\"section\" data-e-type=\"section\">\n\t\t\t\t\t\t<div class=\"elementor-container elementor-column-gap-default\">\n\t\t\t\t\t<div class=\"elementor-column elementor-col-100 elementor-top-column elementor-element elementor-element-c5fa396\" data-id=\"c5fa396\" data-element_type=\"column\" data-e-type=\"column\">\n\t\t\t<div class=\"elementor-widget-wrap elementor-element-populated\">\n\t\t\t\t\t\t<div class=\"elementor-element elementor-element-9198631 elementor-widget elementor-widget-text-editor\" data-id=\"9198631\" data-element_type=\"widget\" data-e-type=\"widget\" data-widget_type=\"text-editor.default\">\n\t\t\t\t<div class=\"elementor-widget-container\">\n\t\t\t\t\t\t\t\t\t<p><span style=\"color: #2e2e2f;\"><a href=\"tel:+3260391500\"><i class=\"fa fa-phone\"> <\/i>  +32 60 39 15 00<\/a><br><\/span><\/p><p><i class=\"fa fa-fax\">  <\/i>  +32 60 39 16 00<\/p><p><a href=\"https:\/\/espacemasson.be\/nl\/info\/contact\/#contact\"><i class=\"fa fa-envelope\"> <\/i> Contact<\/a><\/p>\t\t\t\t\t\t\t\t<\/div>\n\t\t\t\t<\/div>\n\t\t\t\t\t<\/div>\n\t\t<\/div>\n\t\t\t\t\t<\/div>\n\t\t<\/section>\n\t\t\t\t<section class=\"elementor-section elementor-top-section elementor-element elementor-element-8d7a3f8 elementor-section-boxed elementor-section-height-default elementor-section-height-default\" data-id=\"8d7a3f8\" data-element_type=\"section\" data-e-type=\"section\">\n\t\t\t\t\t\t<div class=\"elementor-container elementor-column-gap-default\">\n\t\t\t\t\t<div class=\"elementor-column elementor-col-100 elementor-top-column elementor-element elementor-element-588edb0\" data-id=\"588edb0\" data-element_type=\"column\" data-e-type=\"column\">\n\t\t\t<div class=\"elementor-widget-wrap elementor-element-populated\">\n\t\t\t\t\t\t<div class=\"elementor-element elementor-element-ed9cf27 elementor-widget elementor-widget-text-editor\" data-id=\"ed9cf27\" data-element_type=\"widget\" data-e-type=\"widget\" data-widget_type=\"text-editor.default\">\n\t\t\t\t<div class=\"elementor-widget-container\">\n\t\t\t\t\t\t\t\t\t<p><span style=\"color: #2e2e2f;\"><a href=\"tel:+3260391500\"><i class=\"fa fa-phone\"> <\/i>  +32 60 39 15 00<\/a><br><\/span><\/p><p><i class=\"fa fa-fax\">  <\/i>  +32 60 39 16 00<\/p><p><span><i class=\"fa fa-envelope\"> <\/i> info@espacemasson.be<\/span><\/p>\t\t\t\t\t\t\t\t<\/div>\n\t\t\t\t<\/div>\n\t\t\t\t<div class=\"elementor-element elementor-element-bf937d1 elementor-widget elementor-widget-menu-anchor\" data-id=\"bf937d1\" data-element_type=\"widget\" data-e-type=\"widget\" data-widget_type=\"menu-anchor.default\">\n\t\t\t\t<div class=\"elementor-widget-container\">\n\t\t\t\t\t\t\t<div class=\"elementor-menu-anchor\" id=\"contact\"><\/div>\n\t\t\t\t\t\t<\/div>\n\t\t\t\t<\/div>\n\t\t\t\t\t<\/div>\n\t\t<\/div>\n\t\t\t\t\t<\/div>\n\t\t<\/section>\n\t\t\t\t<section class=\"elementor-section elementor-top-section elementor-element elementor-element-8b26973 elementor-section-boxed elementor-section-height-default elementor-section-height-default\" data-id=\"8b26973\" data-element_type=\"section\" data-e-type=\"section\" data-settings=\"{&quot;background_background&quot;:&quot;classic&quot;}\">\n\t\t\t\t\t\t<div class=\"elementor-container elementor-column-gap-default\">\n\t\t\t\t\t<div class=\"elementor-column elementor-col-100 elementor-top-column elementor-element elementor-element-e42de7e\" data-id=\"e42de7e\" data-element_type=\"column\" data-e-type=\"column\">\n\t\t\t<div class=\"elementor-widget-wrap elementor-element-populated\">\n\t\t\t\t\t\t<div class=\"elementor-element elementor-element-150a450 elementor-widget elementor-widget-heading\" data-id=\"150a450\" data-element_type=\"widget\" data-e-type=\"widget\" data-widget_type=\"heading.default\">\n\t\t\t\t<div class=\"elementor-widget-container\">\n\t\t\t\t\t<h4 class=\"elementor-heading-title elementor-size-default\">Uw vraag telt voor ons<\/h4>\t\t\t\t<\/div>\n\t\t\t\t<\/div>\n\t\t\t\t\t<\/div>\n\t\t<\/div>\n\t\t\t\t\t<\/div>\n\t\t<\/section>\n\t\t\t\t<section class=\"elementor-section elementor-top-section elementor-element elementor-element-d1fdb52 elementor-section-boxed elementor-section-height-default elementor-section-height-default\" data-id=\"d1fdb52\" data-element_type=\"section\" data-e-type=\"section\" data-settings=\"{&quot;background_background&quot;:&quot;classic&quot;}\">\n\t\t\t\t\t\t<div class=\"elementor-container elementor-column-gap-default\">\n\t\t\t\t\t<div class=\"elementor-column elementor-col-100 elementor-top-column elementor-element elementor-element-96b560c\" data-id=\"96b560c\" data-element_type=\"column\" data-e-type=\"column\">\n\t\t\t<div class=\"elementor-widget-wrap elementor-element-populated\">\n\t\t\t\t\t\t<div class=\"elementor-element elementor-element-aea76b4 eael-wpforms-labels-yes eael-wpforms-form-button-custom elementor-widget elementor-widget-eael-wpforms\" data-id=\"aea76b4\" data-element_type=\"widget\" data-e-type=\"widget\" data-widget_type=\"eael-wpforms.default\">\n\t\t\t\t<div class=\"elementor-widget-container\">\n\t\t\t\t\t            <div class=\"eael-contact-form eael-wpforms eael-wpforms-align-left\">\n                                <div class=\"wpforms-container \" id=\"wpforms-32649\"><form id=\"wpforms-form-32649\" class=\"wpforms-validate wpforms-form wpforms-ajax-form\" data-formid=\"32649\" method=\"post\" enctype=\"multipart\/form-data\" action=\"\/nl\/wp-json\/wp\/v2\/pages\/23393\" data-token=\"4aa181a403c2c003b0afb324f1b85b79\" data-token-time=\"1777640663\"><div class=\"wpforms-head-container\"><\/div><noscript class=\"wpforms-error-noscript\">Schakel JavaScript in je browser in om dit formulier in te vullen.<\/noscript><div class=\"wpforms-field-container\"><div id=\"wpforms-32649-field_0-container\" class=\"wpforms-field wpforms-field-name\" data-field-id=\"0\"><label class=\"wpforms-field-label wpforms-label-hide\" for=\"wpforms-32649-field_0\">naam + voornaam <span class=\"wpforms-required-label\">*<\/span><\/label><div class=\"wpforms-field-row wpforms-field-large\"><div class=\"wpforms-field-row-block wpforms-first wpforms-one-half\"><input type=\"text\" id=\"wpforms-32649-field_0\" class=\"wpforms-field-name-first wpforms-field-required\" name=\"wpforms[fields][0][first]\" placeholder=\"voornaam\" required><label for=\"wpforms-32649-field_0\" class=\"wpforms-field-sublabel after wpforms-sublabel-hide\">First<\/label><\/div><div class=\"wpforms-field-row-block wpforms-one-half\"><input type=\"text\" id=\"wpforms-32649-field_0-last\" class=\"wpforms-field-name-last wpforms-field-required\" name=\"wpforms[fields][0][last]\" placeholder=\"naam\" required><label for=\"wpforms-32649-field_0-last\" class=\"wpforms-field-sublabel after wpforms-sublabel-hide\">Last<\/label><\/div><\/div><\/div><div id=\"wpforms-32649-field_1-container\" class=\"wpforms-field wpforms-field-email\" data-field-id=\"1\"><label class=\"wpforms-field-label wpforms-label-hide\" for=\"wpforms-32649-field_1\">email <span class=\"wpforms-required-label\">*<\/span><\/label><div class=\"wpforms-field-row wpforms-field-large\"><div class=\"wpforms-field-row-block wpforms-one-half wpforms-first\"><input type=\"email\" id=\"wpforms-32649-field_1\" class=\"wpforms-field-required wpforms-field-email-primary\" name=\"wpforms[fields][1][primary]\" placeholder=\"email\" spellcheck=\"false\" required><label for=\"wpforms-32649-field_1\" class=\"wpforms-field-sublabel after wpforms-sublabel-hide\">E-mail<\/label><\/div><div class=\"wpforms-field-row-block wpforms-one-half\"><input type=\"email\" id=\"wpforms-32649-field_1-secondary\" class=\"wpforms-field-email-secondary wpforms-field-required\" data-rule-confirm=\"#wpforms-32649-field_1\" name=\"wpforms[fields][1][secondary]\" placeholder=\"email bevestigen\" spellcheck=\"false\" required><label for=\"wpforms-32649-field_1-secondary\" class=\"wpforms-field-sublabel after wpforms-sublabel-hide\">E-mailadres bevestigen<\/label><\/div><\/div><\/div><div id=\"wpforms-32649-field_6-container\" class=\"wpforms-field wpforms-field-text\" data-field-id=\"6\"><label class=\"wpforms-field-label wpforms-label-hide\" for=\"wpforms-32649-field_6\">num\u00e9ro de t\u00e9l\u00e9phone <span class=\"wpforms-required-label\">*<\/span><\/label><input type=\"text\" id=\"wpforms-32649-field_6\" class=\"wpforms-field-medium wpforms-field-required\" name=\"wpforms[fields][6]\" placeholder=\"num\u00e9ro de t\u00e9l\u00e9phone\" required><\/div><div id=\"wpforms-32649-field_4-container\" class=\"wpforms-field wpforms-field-select wpforms-field-select-style-modern\" data-field-id=\"4\"><label class=\"wpforms-field-label wpforms-label-hide\" for=\"wpforms-32649-field_4\">Dropdown <span class=\"wpforms-required-label\">*<\/span><\/label><select id=\"wpforms-32649-field_4\" class=\"wpforms-field-large wpforms-field-required choicesjs-select\" data-size-class=\"wpforms-field-row wpforms-field-large\" data-search-enabled=\"\" name=\"wpforms[fields][4]\" required=\"required\"><option value=\"\" class=\"placeholder\" disabled  selected='selected'>maak een keuze<\/option><option value=\"Individuen\"  class=\"choice-1 depth-1\"  >Individuen<\/option><option value=\"Schoolgroepen\"  class=\"choice-2 depth-1\"  >Schoolgroepen<\/option><option value=\"Groepen\"  class=\"choice-3 depth-1\"  >Groepen<\/option><option value=\"Teambuilding\"  class=\"choice-5 depth-1\"  >Teambuilding<\/option><option value=\"Cafetaria\"  class=\"choice-4 depth-1\"  >Cafetaria<\/option><\/select><\/div><div id=\"wpforms-32649-field_3-container\" class=\"wpforms-field wpforms-field-radio\" data-field-id=\"3\"><label class=\"wpforms-field-label wpforms-label-hide\">meerkeuze <span class=\"wpforms-required-label\">*<\/span><\/label><ul id=\"wpforms-32649-field_3\" class=\"wpforms-field-required\"><li class=\"choice-1 depth-1\"><input type=\"radio\" id=\"wpforms-32649-field_3_1\" name=\"wpforms[fields][3]\" value=\"informatie\" required ><label class=\"wpforms-field-label-inline\" for=\"wpforms-32649-field_3_1\">informatie<\/label><\/li><li class=\"choice-2 depth-1\"><input type=\"radio\" id=\"wpforms-32649-field_3_2\" name=\"wpforms[fields][3]\" value=\"reservatie\" required ><label class=\"wpforms-field-label-inline\" for=\"wpforms-32649-field_3_2\">reservatie<\/label><\/li><li class=\"choice-5 depth-1\"><input type=\"radio\" id=\"wpforms-32649-field_3_5\" name=\"wpforms[fields][3]\" value=\"bevestiging\" required ><label class=\"wpforms-field-label-inline\" for=\"wpforms-32649-field_3_5\">bevestiging<\/label><\/li><li class=\"choice-3 depth-1\"><input type=\"radio\" id=\"wpforms-32649-field_3_3\" name=\"wpforms[fields][3]\" value=\"andere\" required ><label class=\"wpforms-field-label-inline\" for=\"wpforms-32649-field_3_3\">andere<\/label><\/li><\/ul><\/div><div id=\"wpforms-32649-field_2-container\" class=\"wpforms-field wpforms-field-textarea\" data-field-id=\"2\"><label class=\"wpforms-field-label wpforms-label-hide\" for=\"wpforms-32649-field_2\">bericht <span class=\"wpforms-required-label\">*<\/span><\/label><textarea id=\"wpforms-32649-field_2\" class=\"wpforms-field-medium wpforms-field-required\" name=\"wpforms[fields][2]\" placeholder=\"uw bericht ...\" required><\/textarea><\/div><\/div><!-- .wpforms-field-container --><div class=\"wpforms-recaptcha-container wpforms-is-recaptcha wpforms-is-recaptcha-type-v2\" ><div class=\"g-recaptcha\" data-sitekey=\"6LdfrD4gAAAAADVsmAP6Qh99IDEofBoWZaG7tPCA\"><\/div><input type=\"text\" name=\"g-recaptcha-hidden\" class=\"wpforms-recaptcha-hidden\" style=\"position:absolute!important;clip:rect(0,0,0,0)!important;height:1px!important;width:1px!important;border:0!important;overflow:hidden!important;padding:0!important;margin:0!important;\" data-rule-recaptcha=\"1\"><\/div><div class=\"wpforms-submit-container\" ><input type=\"hidden\" name=\"wpforms[id]\" value=\"32649\"><input type=\"hidden\" name=\"page_title\" value=\"\"><input type=\"hidden\" name=\"page_url\" value=\"https:\/\/espacemasson.be\/nl\/wp-json\/wp\/v2\/pages\/23393\"><input type=\"hidden\" name=\"url_referer\" value=\"\"><button type=\"submit\" name=\"wpforms[submit]\" id=\"wpforms-submit-32649\" class=\"wpforms-submit\" data-alt-text=\"verzenden...\" data-submit-text=\"versturen\" aria-live=\"assertive\" value=\"wpforms-submit\">versturen<\/button><img decoding=\"async\" src=\"https:\/\/espacemasson.be\/wp-content\/plugins\/wpforms-lite\/assets\/images\/submit-spin.svg\" class=\"wpforms-submit-spinner\" style=\"display: none;\" width=\"26\" height=\"26\" alt=\"Aan het laden\"><\/div><\/form><\/div>  <!-- .wpforms-container -->            <\/div>\n\t\t\t\t<\/div>\n\t\t\t\t<\/div>\n\t\t\t\t\t<\/div>\n\t\t<\/div>\n\t\t\t\t\t<\/div>\n\t\t<\/section>\n\t\t\t\t<\/div>\n\t\t","protected":false},"excerpt":{"rendered":"<p>Aarzel niet om contact op te nemen&#8230; Wij beantwoorden de telefoon elke dag tijdens de openingsuren, brieven en e-mails beantwoorden wij alleen op werkdagen tijdens de kantooruren (maandag tot vrijdag). +32 60 39 15 00 +32 60 39 16 00 Contact +32 60 39 15 00 +32 60 39 16 [&hellip;]<\/p>\n","protected":false},"author":2,"featured_media":0,"parent":6295,"menu_order":0,"comment_status":"closed","ping_status":"closed","template":"page-templates\/template-pagebuilder-full-width.php","meta":{"_monsterinsights_skip_tracking":false,"_monsterinsights_sitenote_active":false,"_monsterinsights_sitenote_note":"","_monsterinsights_sitenote_category":0,"_uf_show_specific_survey":0,"_uf_disable_surveys":false,"footnotes":""},"class_list":["post-23393","page","type-page","status-publish","hentry"],"yoast_head":"<!-- This site is optimized with the Yoast SEO plugin v27.4 - https:\/\/yoast.com\/product\/yoast-seo-wordpress\/ -->\n<title>contact - Espace Arthur Masson<\/title>\n<meta name=\"description\" content=\"Contacteer ons voor al uw vragen.\" \/>\n<meta name=\"robots\" content=\"index, follow, max-snippet:-1, max-image-preview:large, max-video-preview:-1\" \/>\n<link rel=\"canonical\" href=\"https:\/\/espacemasson.be\/nl\/info\/contact\/\" \/>\n<meta property=\"og:locale\" content=\"nl_NL\" \/>\n<meta property=\"og:type\" content=\"article\" \/>\n<meta property=\"og:title\" content=\"contact - Espace Arthur Masson\" \/>\n<meta property=\"og:description\" content=\"Contacteer ons voor al uw vragen.\" \/>\n<meta property=\"og:url\" content=\"https:\/\/espacemasson.be\/nl\/info\/contact\/\" \/>\n<meta property=\"og:site_name\" content=\"Espace Arthur Masson\" \/>\n<meta property=\"article:publisher\" content=\"https:\/\/www.facebook.com\/EspaceArthurMasson\/\" \/>\n<meta property=\"article:modified_time\" content=\"2025-07-28T14:20:25+00:00\" \/>\n<meta property=\"og:image\" content=\"https:\/\/espacemasson.be\/wp-content\/plugins\/wpforms-lite\/assets\/images\/submit-spin.svg\" \/>\n<script type=\"application\/ld+json\" class=\"yoast-schema-graph\">{\"@context\":\"https:\\\/\\\/schema.org\",\"@graph\":[{\"@type\":\"WebPage\",\"@id\":\"https:\\\/\\\/espacemasson.be\\\/nl\\\/info\\\/contact\\\/\",\"url\":\"https:\\\/\\\/espacemasson.be\\\/nl\\\/info\\\/contact\\\/\",\"name\":\"contact - Espace Arthur Masson\",\"isPartOf\":{\"@id\":\"https:\\\/\\\/espacemasson.be\\\/nl\\\/#website\"},\"primaryImageOfPage\":{\"@id\":\"https:\\\/\\\/espacemasson.be\\\/nl\\\/info\\\/contact\\\/#primaryimage\"},\"image\":{\"@id\":\"https:\\\/\\\/espacemasson.be\\\/nl\\\/info\\\/contact\\\/#primaryimage\"},\"thumbnailUrl\":\"https:\\\/\\\/espacemasson.be\\\/wp-content\\\/plugins\\\/wpforms-lite\\\/assets\\\/images\\\/submit-spin.svg\",\"datePublished\":\"2019-04-29T12:49:08+00:00\",\"dateModified\":\"2025-07-28T14:20:25+00:00\",\"description\":\"Contacteer ons voor al uw vragen.\",\"breadcrumb\":{\"@id\":\"https:\\\/\\\/espacemasson.be\\\/nl\\\/info\\\/contact\\\/#breadcrumb\"},\"inLanguage\":\"nl-NL\",\"potentialAction\":[{\"@type\":\"ReadAction\",\"target\":[\"https:\\\/\\\/espacemasson.be\\\/nl\\\/info\\\/contact\\\/\"]}]},{\"@type\":\"ImageObject\",\"inLanguage\":\"nl-NL\",\"@id\":\"https:\\\/\\\/espacemasson.be\\\/nl\\\/info\\\/contact\\\/#primaryimage\",\"url\":\"https:\\\/\\\/espacemasson.be\\\/wp-content\\\/plugins\\\/wpforms-lite\\\/assets\\\/images\\\/submit-spin.svg\",\"contentUrl\":\"https:\\\/\\\/espacemasson.be\\\/wp-content\\\/plugins\\\/wpforms-lite\\\/assets\\\/images\\\/submit-spin.svg\"},{\"@type\":\"BreadcrumbList\",\"@id\":\"https:\\\/\\\/espacemasson.be\\\/nl\\\/info\\\/contact\\\/#breadcrumb\",\"itemListElement\":[{\"@type\":\"ListItem\",\"position\":1,\"name\":\"Home\",\"item\":\"https:\\\/\\\/espacemasson.be\\\/nl\\\/home\\\/\"},{\"@type\":\"ListItem\",\"position\":2,\"name\":\"Praktische informatie\",\"item\":\"https:\\\/\\\/espacemasson.be\\\/nl\\\/info\\\/\"},{\"@type\":\"ListItem\",\"position\":3,\"name\":\"Contact\"}]},{\"@type\":\"WebSite\",\"@id\":\"https:\\\/\\\/espacemasson.be\\\/nl\\\/#website\",\"url\":\"https:\\\/\\\/espacemasson.be\\\/nl\\\/\",\"name\":\"Espace Arthur Masson\",\"description\":\"Immersion dans le pass\u00e9\",\"publisher\":{\"@id\":\"https:\\\/\\\/espacemasson.be\\\/nl\\\/#organization\"},\"potentialAction\":[{\"@type\":\"SearchAction\",\"target\":{\"@type\":\"EntryPoint\",\"urlTemplate\":\"https:\\\/\\\/espacemasson.be\\\/nl\\\/?s={search_term_string}\"},\"query-input\":{\"@type\":\"PropertyValueSpecification\",\"valueRequired\":true,\"valueName\":\"search_term_string\"}}],\"inLanguage\":\"nl-NL\"},{\"@type\":\"Organization\",\"@id\":\"https:\\\/\\\/espacemasson.be\\\/nl\\\/#organization\",\"name\":\"Espace Arthur Masson\",\"url\":\"https:\\\/\\\/espacemasson.be\\\/nl\\\/\",\"logo\":{\"@type\":\"ImageObject\",\"inLanguage\":\"nl-NL\",\"@id\":\"https:\\\/\\\/espacemasson.be\\\/nl\\\/#\\\/schema\\\/logo\\\/image\\\/\",\"url\":\"http:\\\/\\\/espacemasson.be\\\/wp-content\\\/uploads\\\/logo_eam_noir120.png\",\"contentUrl\":\"http:\\\/\\\/espacemasson.be\\\/wp-content\\\/uploads\\\/logo_eam_noir120.png\",\"width\":120,\"height\":89,\"caption\":\"Espace Arthur Masson\"},\"image\":{\"@id\":\"https:\\\/\\\/espacemasson.be\\\/nl\\\/#\\\/schema\\\/logo\\\/image\\\/\"},\"sameAs\":[\"https:\\\/\\\/www.facebook.com\\\/EspaceArthurMasson\\\/\",\"https:\\\/\\\/www.instagram.com\\\/espacearthurmassonasbl\\\/\",\"https:\\\/\\\/www.youtube.com\\\/channel\\\/UCOJSGsqaCCtiP5w1i78Z_EA\"]}]}<\/script>\n<!-- \/ Yoast SEO plugin. -->","yoast_head_json":{"title":"contact - Espace Arthur Masson","description":"Contacteer ons voor al uw vragen.","robots":{"index":"index","follow":"follow","max-snippet":"max-snippet:-1","max-image-preview":"max-image-preview:large","max-video-preview":"max-video-preview:-1"},"canonical":"https:\/\/espacemasson.be\/nl\/info\/contact\/","og_locale":"nl_NL","og_type":"article","og_title":"contact - Espace Arthur Masson","og_description":"Contacteer ons voor al uw vragen.","og_url":"https:\/\/espacemasson.be\/nl\/info\/contact\/","og_site_name":"Espace Arthur Masson","article_publisher":"https:\/\/www.facebook.com\/EspaceArthurMasson\/","article_modified_time":"2025-07-28T14:20:25+00:00","og_image":[{"url":"https:\/\/espacemasson.be\/wp-content\/plugins\/wpforms-lite\/assets\/images\/submit-spin.svg","type":"","width":"","height":""}],"schema":{"@context":"https:\/\/schema.org","@graph":[{"@type":"WebPage","@id":"https:\/\/espacemasson.be\/nl\/info\/contact\/","url":"https:\/\/espacemasson.be\/nl\/info\/contact\/","name":"contact - Espace Arthur Masson","isPartOf":{"@id":"https:\/\/espacemasson.be\/nl\/#website"},"primaryImageOfPage":{"@id":"https:\/\/espacemasson.be\/nl\/info\/contact\/#primaryimage"},"image":{"@id":"https:\/\/espacemasson.be\/nl\/info\/contact\/#primaryimage"},"thumbnailUrl":"https:\/\/espacemasson.be\/wp-content\/plugins\/wpforms-lite\/assets\/images\/submit-spin.svg","datePublished":"2019-04-29T12:49:08+00:00","dateModified":"2025-07-28T14:20:25+00:00","description":"Contacteer ons voor al uw vragen.","breadcrumb":{"@id":"https:\/\/espacemasson.be\/nl\/info\/contact\/#breadcrumb"},"inLanguage":"nl-NL","potentialAction":[{"@type":"ReadAction","target":["https:\/\/espacemasson.be\/nl\/info\/contact\/"]}]},{"@type":"ImageObject","inLanguage":"nl-NL","@id":"https:\/\/espacemasson.be\/nl\/info\/contact\/#primaryimage","url":"https:\/\/espacemasson.be\/wp-content\/plugins\/wpforms-lite\/assets\/images\/submit-spin.svg","contentUrl":"https:\/\/espacemasson.be\/wp-content\/plugins\/wpforms-lite\/assets\/images\/submit-spin.svg"},{"@type":"BreadcrumbList","@id":"https:\/\/espacemasson.be\/nl\/info\/contact\/#breadcrumb","itemListElement":[{"@type":"ListItem","position":1,"name":"Home","item":"https:\/\/espacemasson.be\/nl\/home\/"},{"@type":"ListItem","position":2,"name":"Praktische informatie","item":"https:\/\/espacemasson.be\/nl\/info\/"},{"@type":"ListItem","position":3,"name":"Contact"}]},{"@type":"WebSite","@id":"https:\/\/espacemasson.be\/nl\/#website","url":"https:\/\/espacemasson.be\/nl\/","name":"Espace Arthur Masson","description":"Immersion dans le pass\u00e9","publisher":{"@id":"https:\/\/espacemasson.be\/nl\/#organization"},"potentialAction":[{"@type":"SearchAction","target":{"@type":"EntryPoint","urlTemplate":"https:\/\/espacemasson.be\/nl\/?s={search_term_string}"},"query-input":{"@type":"PropertyValueSpecification","valueRequired":true,"valueName":"search_term_string"}}],"inLanguage":"nl-NL"},{"@type":"Organization","@id":"https:\/\/espacemasson.be\/nl\/#organization","name":"Espace Arthur Masson","url":"https:\/\/espacemasson.be\/nl\/","logo":{"@type":"ImageObject","inLanguage":"nl-NL","@id":"https:\/\/espacemasson.be\/nl\/#\/schema\/logo\/image\/","url":"http:\/\/espacemasson.be\/wp-content\/uploads\/logo_eam_noir120.png","contentUrl":"http:\/\/espacemasson.be\/wp-content\/uploads\/logo_eam_noir120.png","width":120,"height":89,"caption":"Espace Arthur Masson"},"image":{"@id":"https:\/\/espacemasson.be\/nl\/#\/schema\/logo\/image\/"},"sameAs":["https:\/\/www.facebook.com\/EspaceArthurMasson\/","https:\/\/www.instagram.com\/espacearthurmassonasbl\/","https:\/\/www.youtube.com\/channel\/UCOJSGsqaCCtiP5w1i78Z_EA"]}]}},"_links":{"self":[{"href":"https:\/\/espacemasson.be\/nl\/wp-json\/wp\/v2\/pages\/23393","targetHints":{"allow":["GET"]}}],"collection":[{"href":"https:\/\/espacemasson.be\/nl\/wp-json\/wp\/v2\/pages"}],"about":[{"href":"https:\/\/espacemasson.be\/nl\/wp-json\/wp\/v2\/types\/page"}],"author":[{"embeddable":true,"href":"https:\/\/espacemasson.be\/nl\/wp-json\/wp\/v2\/users\/2"}],"replies":[{"embeddable":true,"href":"https:\/\/espacemasson.be\/nl\/wp-json\/wp\/v2\/comments?post=23393"}],"version-history":[{"count":0,"href":"https:\/\/espacemasson.be\/nl\/wp-json\/wp\/v2\/pages\/23393\/revisions"}],"up":[{"embeddable":true,"href":"https:\/\/espacemasson.be\/nl\/wp-json\/wp\/v2\/pages\/6295"}],"wp:attachment":[{"href":"https:\/\/espacemasson.be\/nl\/wp-json\/wp\/v2\/media?parent=23393"}],"curies":[{"name":"wp","href":"https:\/\/api.w.org\/{rel}","templated":true}]}}